{"id":18,"date":"2023-03-18T20:01:23","date_gmt":"2023-03-18T19:01:23","guid":{"rendered":"http:\/\/brennesselkerwe.de\/wp\/?page_id=18"},"modified":"2023-04-18T17:13:30","modified_gmt":"2023-04-18T15:13:30","slug":"kerweshop","status":"publish","type":"page","link":"https:\/\/brennesselkerwe.de\/?page_id=18","title":{"rendered":"Kerweshop"},"content":{"rendered":"\n<h2 class=\"wp-block-heading\">F\u00fcr alle Kerwefreunde:&nbsp;<\/h2>\n\n\n\n<h2 class=\"wp-block-heading\"><strong>Das Kerwe T-Shirt<\/strong><\/h2>\n\n\n\n<p class=\"wp-block-paragraph\">Auch in diesem Jahr gibt es ein Kerwe T-Shirt sponsored by Pfungstaedter Bier!<br>Zus\u00e4tzlich gibt es die Kerwe Baseball-Caps.&nbsp;<\/p>\n\n\n\n<p class=\"wp-block-paragraph\">F\u00fcr alle Kerwefreunde:\u00a0<br>Das Kerwe T-Shirt !!!!\u00a0<br><\/p>\n\n\n\n<p class=\"wp-block-paragraph\"><strong>T-Shirt Hambacher Brennesselkerwe:<\/strong><\/p>\n\n\n\n<p class=\"wp-block-paragraph\">F\u00fcr die&nbsp;&nbsp;Damen im Modell \u201eGirl\u201c in den Gr\u00f6\u00dfen S,M,L,XL<br>Alle Gr\u00f6\u00dfen und Modelle zum Preis von 10\u20ac<br>F\u00fcr die Herren im Modell \u201eMan\u201c in den Gr\u00f6\u00dfen S,M,L,XL,XXL<\/p>\n\n\n\n<figure class=\"wp-block-image aligncenter size-full\"><img data-recalc-dims=\"1\" loading=\"lazy\" decoding=\"async\" width=\"765\" height=\"764\" src=\"https:\/\/i0.wp.com\/brennesselkerwe.de\/wp-content\/uploads\/shirt.jpg?resize=765%2C764&#038;ssl=1\" alt=\"\" class=\"wp-image-148\" srcset=\"https:\/\/i0.wp.com\/brennesselkerwe.de\/wp-content\/uploads\/shirt.jpg?w=765&amp;ssl=1 765w, https:\/\/i0.wp.com\/brennesselkerwe.de\/wp-content\/uploads\/shirt.jpg?resize=300%2C300&amp;ssl=1 300w, https:\/\/i0.wp.com\/brennesselkerwe.de\/wp-content\/uploads\/shirt.jpg?resize=150%2C150&amp;ssl=1 150w\" sizes=\"auto, (max-width: 765px) 100vw, 765px\" \/><\/figure>\n\n\n\n<hr class=\"wp-block-separator has-alpha-channel-opacity\"\/>\n\n\n\n<p class=\"wp-block-paragraph\"><strong>Baseball-Caps&nbsp;Hambacher&nbsp;Brennesselkerwe<\/strong><\/p>\n\n\n\n<p class=\"wp-block-paragraph\">Preis 8\u20ac<\/p>\n\n\n\n<figure class=\"wp-block-image aligncenter size-full\"><img data-recalc-dims=\"1\" loading=\"lazy\" decoding=\"async\" width=\"678\" height=\"624\" src=\"https:\/\/i0.wp.com\/brennesselkerwe.de\/wp-content\/uploads\/cap.jpg?resize=678%2C624&#038;ssl=1\" alt=\"\" class=\"wp-image-149\" srcset=\"https:\/\/i0.wp.com\/brennesselkerwe.de\/wp-content\/uploads\/cap.jpg?w=678&amp;ssl=1 678w, https:\/\/i0.wp.com\/brennesselkerwe.de\/wp-content\/uploads\/cap.jpg?resize=300%2C276&amp;ssl=1 300w\" sizes=\"auto, (max-width: 678px) 100vw, 678px\" \/><\/figure>\n\n\n\n<p class=\"wp-block-paragraph\">Mit zwei verschiedenen Aufdrucken<\/p>\n\n\n\n<figure class=\"wp-block-image aligncenter size-full\"><img data-recalc-dims=\"1\" loading=\"lazy\" decoding=\"async\" width=\"760\" height=\"361\" src=\"https:\/\/i0.wp.com\/brennesselkerwe.de\/wp-content\/uploads\/cap_schriftzug1.jpg?resize=760%2C361&#038;ssl=1\" alt=\"\" class=\"wp-image-151\" srcset=\"https:\/\/i0.wp.com\/brennesselkerwe.de\/wp-content\/uploads\/cap_schriftzug1.jpg?w=760&amp;ssl=1 760w, https:\/\/i0.wp.com\/brennesselkerwe.de\/wp-content\/uploads\/cap_schriftzug1.jpg?resize=300%2C143&amp;ssl=1 300w\" sizes=\"auto, (max-width: 760px) 100vw, 760px\" \/><\/figure>\n\n\n\n<figure class=\"wp-block-image aligncenter size-full\"><img data-recalc-dims=\"1\" loading=\"lazy\" decoding=\"async\" width=\"760\" height=\"363\" src=\"https:\/\/i0.wp.com\/brennesselkerwe.de\/wp-content\/uploads\/cap_schriftzug2.jpg?resize=760%2C363&#038;ssl=1\" alt=\"\" class=\"wp-image-150\" srcset=\"https:\/\/i0.wp.com\/brennesselkerwe.de\/wp-content\/uploads\/cap_schriftzug2.jpg?w=760&amp;ssl=1 760w, https:\/\/i0.wp.com\/brennesselkerwe.de\/wp-content\/uploads\/cap_schriftzug2.jpg?resize=300%2C143&amp;ssl=1 300w\" sizes=\"auto, (max-width: 760px) 100vw, 760px\" \/><\/figure>\n\n\n\n<hr class=\"wp-block-separator has-alpha-channel-opacity\"\/>\n\n\n\n<p class=\"wp-block-paragraph\"><strong>Speziell f\u00fcr die Kerwejugend wurden die &#8222;alten&#8220; Kerwejugend T-Shirts<br>in einer Neuauflage produziert.<\/strong><\/p>\n\n\n\n<p class=\"wp-block-paragraph\">Preis : 15\u20ac<br>Girl&nbsp;:&nbsp;XS,S,M,L<br>Man S,M,L,XL,XXL<\/p>\n\n\n\n<figure class=\"wp-block-image aligncenter size-full\"><img data-recalc-dims=\"1\" loading=\"lazy\" decoding=\"async\" width=\"272\" height=\"299\" src=\"https:\/\/i0.wp.com\/brennesselkerwe.de\/wp-content\/uploads\/shirt_vorne_web.jpg?resize=272%2C299&#038;ssl=1\" alt=\"\" class=\"wp-image-152\"\/><\/figure>\n\n\n\n<hr class=\"wp-block-separator has-alpha-channel-opacity\"\/>\n\n\n\n<p class=\"wp-block-paragraph\"><strong>Ortsfahne Hambach<\/strong><\/p>\n\n\n\n<p class=\"wp-block-paragraph\">H\u00e4ngefahne f\u00fcr 40&nbsp;Euro oder Fahnen, bestehend aus Bannerquerstab mit Endeicheln und einer&nbsp;Dreiecksaufh\u00e4ngung, f\u00fcr 50 Euro&nbsp;<\/p>\n\n\n\n<figure class=\"wp-block-image aligncenter size-full\"><img data-recalc-dims=\"1\" loading=\"lazy\" decoding=\"async\" width=\"189\" height=\"277\" src=\"https:\/\/i0.wp.com\/brennesselkerwe.de\/wp-content\/uploads\/fahne.jpg?resize=189%2C277&#038;ssl=1\" alt=\"\" class=\"wp-image-153\"\/><\/figure>\n\n\n\n<hr class=\"wp-block-separator has-alpha-channel-opacity\"\/>\n\n\n\n<p class=\"wp-block-paragraph\"><strong>Outdoor-Aufkleber&nbsp;mit dem Hambacher&nbsp;Wappen<\/strong><\/p>\n\n\n\n<p class=\"wp-block-paragraph\">15 x 15 cm \/ 5 \u20ac&nbsp;pro St\u00fcck&nbsp;&nbsp;<br>10 x 10 cm \/&nbsp;2 \u20ac pro St\u00fcck<\/p>\n\n\n\n<figure class=\"wp-block-image aligncenter size-large\"><img data-recalc-dims=\"1\" loading=\"lazy\" decoding=\"async\" width=\"1024\" height=\"537\" src=\"https:\/\/i0.wp.com\/brennesselkerwe.de\/wp-content\/uploads\/aufkleber.jpg?resize=1024%2C537&#038;ssl=1\" alt=\"\" class=\"wp-image-154\" srcset=\"https:\/\/i0.wp.com\/brennesselkerwe.de\/wp-content\/uploads\/aufkleber-scaled.jpg?resize=1024%2C537&amp;ssl=1 1024w, https:\/\/i0.wp.com\/brennesselkerwe.de\/wp-content\/uploads\/aufkleber-scaled.jpg?resize=300%2C157&amp;ssl=1 300w, https:\/\/i0.wp.com\/brennesselkerwe.de\/wp-content\/uploads\/aufkleber-scaled.jpg?resize=768%2C403&amp;ssl=1 768w, https:\/\/i0.wp.com\/brennesselkerwe.de\/wp-content\/uploads\/aufkleber-scaled.jpg?resize=1536%2C806&amp;ssl=1 1536w, https:\/\/i0.wp.com\/brennesselkerwe.de\/wp-content\/uploads\/aufkleber-scaled.jpg?resize=2048%2C1074&amp;ssl=1 2048w\" sizes=\"auto, (max-width: 1000px) 100vw, 1000px\" \/><\/figure>\n\n\n\n<hr class=\"wp-block-separator has-alpha-channel-opacity\"\/>\n\n\n\n<p class=\"wp-block-paragraph\"><strong>Aufkleber &#8222;Herz&#8220;<\/strong><\/p>\n\n\n\n<p class=\"wp-block-paragraph\">10 x 10 cm \/&nbsp;2 \u20ac pro St\u00fcck<\/p>\n\n\n\n<figure class=\"wp-block-image aligncenter size-large is-resized\"><img data-recalc-dims=\"1\" loading=\"lazy\" decoding=\"async\" src=\"https:\/\/i0.wp.com\/brennesselkerwe.de\/wp-content\/uploads\/Logo_Final2.jpg?resize=496%2C512&#038;ssl=1\" alt=\"\" class=\"wp-image-20168\" width=\"496\" height=\"512\" srcset=\"https:\/\/i0.wp.com\/brennesselkerwe.de\/wp-content\/uploads\/Logo_Final2-scaled.jpg?resize=991%2C1024&amp;ssl=1 991w, https:\/\/i0.wp.com\/brennesselkerwe.de\/wp-content\/uploads\/Logo_Final2-scaled.jpg?resize=290%2C300&amp;ssl=1 290w, https:\/\/i0.wp.com\/brennesselkerwe.de\/wp-content\/uploads\/Logo_Final2-scaled.jpg?resize=768%2C793&amp;ssl=1 768w, https:\/\/i0.wp.com\/brennesselkerwe.de\/wp-content\/uploads\/Logo_Final2-scaled.jpg?resize=1487%2C1536&amp;ssl=1 1487w, https:\/\/i0.wp.com\/brennesselkerwe.de\/wp-content\/uploads\/Logo_Final2-scaled.jpg?resize=1982%2C2048&amp;ssl=1 1982w\" sizes=\"auto, (max-width: 496px) 100vw, 496px\" \/><\/figure>\n\n\n\n<hr class=\"wp-block-separator has-alpha-channel-opacity\"\/>\n\n\n\n<p class=\"wp-block-paragraph\"><strong>Weinglas zum Jubil\u00e4umsjahr 2019<\/strong> <\/p>\n\n\n\n<p class=\"wp-block-paragraph\">Preis:8\u20ac <br>Nur noch wenige Gl\u00e4ser vorhaden<\/p>\n\n\n\n<figure class=\"wp-block-image aligncenter size-full\"><img data-recalc-dims=\"1\" loading=\"lazy\" decoding=\"async\" width=\"314\" height=\"809\" src=\"https:\/\/i0.wp.com\/brennesselkerwe.de\/wp-content\/uploads\/glas.jpg?resize=314%2C809&#038;ssl=1\" alt=\"\" class=\"wp-image-155\" srcset=\"https:\/\/i0.wp.com\/brennesselkerwe.de\/wp-content\/uploads\/glas.jpg?w=314&amp;ssl=1 314w, https:\/\/i0.wp.com\/brennesselkerwe.de\/wp-content\/uploads\/glas.jpg?resize=116%2C300&amp;ssl=1 116w\" sizes=\"auto, (max-width: 314px) 100vw, 314px\" \/><\/figure>\n\n\n\n<hr class=\"wp-block-separator has-alpha-channel-opacity\"\/>\n\n\n\n<p class=\"wp-block-paragraph\"><strong>Kerwe-Woi<\/strong>&nbsp;<\/p>\n\n\n\n<p class=\"wp-block-paragraph\">vom Weinbau Koob, ein feiner Riesling aus der Kritz<\/p>\n\n\n\n<p class=\"wp-block-paragraph\">Preis 8\u20ac<\/p>\n\n\n\n<figure class=\"wp-block-image aligncenter size-full\"><img data-recalc-dims=\"1\" loading=\"lazy\" decoding=\"async\" width=\"429\" height=\"761\" src=\"https:\/\/i0.wp.com\/brennesselkerwe.de\/wp-content\/uploads\/Wein.jpg?resize=429%2C761&#038;ssl=1\" alt=\"\" class=\"wp-image-20165\" srcset=\"https:\/\/i0.wp.com\/brennesselkerwe.de\/wp-content\/uploads\/Wein.jpg?w=429&amp;ssl=1 429w, https:\/\/i0.wp.com\/brennesselkerwe.de\/wp-content\/uploads\/Wein.jpg?resize=169%2C300&amp;ssl=1 169w\" sizes=\"auto, (max-width: 429px) 100vw, 429px\" \/><\/figure>\n\n\n\n<hr class=\"wp-block-separator has-alpha-channel-opacity\"\/>\n\n\n\n<p class=\"wp-block-paragraph\"><strong>Tasche<\/strong><\/p>\n\n\n\n<p class=\"wp-block-paragraph\">Hergestellt aus dem Banner aus dem Jubil\u00e4umsjahr &#8211; Stabile Ausf\u00fchrung<br>Gr\u00f6\u00dfe 40 x 40<br>Preis 19\u20ac<\/p>\n\n\n\n<figure class=\"wp-block-image aligncenter size-full\"><img data-recalc-dims=\"1\" loading=\"lazy\" decoding=\"async\" width=\"425\" height=\"207\" src=\"https:\/\/i0.wp.com\/brennesselkerwe.de\/wp-content\/uploads\/tasche.jpg?resize=425%2C207&#038;ssl=1\" alt=\"\" class=\"wp-image-156\" srcset=\"https:\/\/i0.wp.com\/brennesselkerwe.de\/wp-content\/uploads\/tasche.jpg?w=425&amp;ssl=1 425w, https:\/\/i0.wp.com\/brennesselkerwe.de\/wp-content\/uploads\/tasche.jpg?resize=300%2C146&amp;ssl=1 300w\" sizes=\"auto, (max-width: 425px) 100vw, 425px\" \/><\/figure>\n\n\n\n<figure class=\"wp-block-image aligncenter size-full\"><img data-recalc-dims=\"1\" loading=\"lazy\" decoding=\"async\" width=\"425\" height=\"298\" src=\"https:\/\/i0.wp.com\/brennesselkerwe.de\/wp-content\/uploads\/tasche2.jpg?resize=425%2C298&#038;ssl=1\" alt=\"\" class=\"wp-image-157\" srcset=\"https:\/\/i0.wp.com\/brennesselkerwe.de\/wp-content\/uploads\/tasche2.jpg?w=425&amp;ssl=1 425w, https:\/\/i0.wp.com\/brennesselkerwe.de\/wp-content\/uploads\/tasche2.jpg?resize=300%2C210&amp;ssl=1 300w\" sizes=\"auto, (max-width: 425px) 100vw, 425px\" \/><\/figure>\n\n\n\n<hr class=\"wp-block-separator has-alpha-channel-opacity\"\/>\n\n\n\n<p class=\"wp-block-paragraph\"><strong>Stofftasche<\/strong><\/p>\n\n\n\n<p class=\"wp-block-paragraph\">mit Herz<\/p>\n\n\n\n<p class=\"wp-block-paragraph\">Preis 5\u20ac<\/p>\n\n\n\n<figure class=\"wp-block-image aligncenter size-full\"><img data-recalc-dims=\"1\" loading=\"lazy\" decoding=\"async\" width=\"298\" height=\"432\" src=\"https:\/\/i0.wp.com\/brennesselkerwe.de\/wp-content\/uploads\/Tasche-1.jpg?resize=298%2C432&#038;ssl=1\" alt=\"\" class=\"wp-image-20167\" srcset=\"https:\/\/i0.wp.com\/brennesselkerwe.de\/wp-content\/uploads\/Tasche-1.jpg?w=298&amp;ssl=1 298w, https:\/\/i0.wp.com\/brennesselkerwe.de\/wp-content\/uploads\/Tasche-1.jpg?resize=207%2C300&amp;ssl=1 207w\" sizes=\"auto, (max-width: 298px) 100vw, 298px\" \/><\/figure>\n\n\n\n<hr class=\"wp-block-separator has-alpha-channel-opacity\"\/>\n\n\n\n<p class=\"wp-block-paragraph\"><strong>DVD zum Jubil\u00e4umsjahr 2019<\/strong><\/p>\n\n\n\n<p class=\"wp-block-paragraph\">Preis: 10\u20ac<\/p>\n\n\n\n<figure class=\"wp-block-image aligncenter size-full\"><img data-recalc-dims=\"1\" loading=\"lazy\" decoding=\"async\" width=\"756\" height=\"768\" src=\"https:\/\/i0.wp.com\/brennesselkerwe.de\/wp-content\/uploads\/dvd.jpg?resize=756%2C768&#038;ssl=1\" alt=\"\" class=\"wp-image-158\" srcset=\"https:\/\/i0.wp.com\/brennesselkerwe.de\/wp-content\/uploads\/dvd.jpg?w=756&amp;ssl=1 756w, https:\/\/i0.wp.com\/brennesselkerwe.de\/wp-content\/uploads\/dvd.jpg?resize=295%2C300&amp;ssl=1 295w\" sizes=\"auto, (max-width: 756px) 100vw, 756px\" \/><\/figure>\n\n\n\n<hr class=\"wp-block-separator has-alpha-channel-opacity\"\/>\n\n\n\n<p class=\"wp-block-paragraph\">Alle&nbsp;Artikel werden bei den \u00f6ffentlichen Veranstaltungen erh\u00e4ltlich sein, Verkauf solange Vorrat reicht<br>Online Reservierung \/ Abholung m\u00f6glich, per Mail an redaktion@hambach-info.de<br>Zus\u00e4tzlich k\u00f6nnen die Artikel direkt bei&nbsp;Michael Triebel, Hambacher Tal 23, Telefon 06252 76912 erworben werden<\/p>\n\n\n\n<p class=\"wp-block-paragraph\"><\/p>\n\n\n\n<p class=\"wp-block-paragraph\"><\/p>\n","protected":false},"excerpt":{"rendered":"<p>F\u00fcr alle Kerwefreunde:&nbsp; Das Kerwe T-Shirt Auch in diesem Jahr gibt es ein Kerwe T-Shirt sponsored by Pfungstaedter Bier!Zus\u00e4tzlich gibt es die Kerwe Baseball-Caps.&nbsp; F\u00fcr alle Kerwefreunde:\u00a0Das Kerwe T-Shirt !!!!\u00a0 [&hellip;]<\/p>\n","protected":false},"author":1,"featured_media":0,"parent":0,"menu_order":0,"comment_status":"closed","ping_status":"closed","template":"","meta":{"_crdt_document":"","site-sidebar-layout":"default","site-content-layout":"","ast-site-content-layout":"default","site-content-style":"default","site-sidebar-style":"default","ast-global-header-display":"","ast-banner-title-visibility":"","ast-main-header-display":"","ast-hfb-above-header-display":"","ast-hfb-below-header-display":"","ast-hfb-mobile-header-display":"","site-post-title":"disabled","ast-breadcrumbs-content":"","ast-featured-img":"","footer-sml-layout":"","ast-disable-related-posts":"","theme-transparent-header-meta":"","adv-header-id-meta":"","stick-header-meta":"","header-above-stick-meta":"","header-main-stick-meta":"","header-below-stick-meta":"","astra-migrate-meta-layouts":"default","ast-page-background-enabled":"default","ast-page-background-meta":{"desktop":{"background-color":"var(--ast-global-color-4)","background-image":"","background-repeat":"repeat","background-position":"center center","background-size":"auto","background-attachment":"scroll","background-type":"","background-media":"","overlay-type":"","overlay-color":"","overlay-opacity":"","overlay-gradient":""},"tablet":{"background-color":"","background-image":"","background-repeat":"repeat","background-position":"center center","background-size":"auto","background-attachment":"scroll","background-type":"","background-media":"","overlay-type":"","overlay-color":"","overlay-opacity":"","overlay-gradient":""},"mobile":{"background-color":"","background-image":"","background-repeat":"repeat","background-position":"center center","background-size":"auto","background-attachment":"scroll","background-type":"","background-media":"","overlay-type":"","overlay-color":"","overlay-opacity":"","overlay-gradient":""}},"ast-content-background-meta":{"desktop":{"background-color":"var(--ast-global-color-5)","background-image":"","background-repeat":"repeat","background-position":"center center","background-size":"auto","background-attachment":"scroll","background-type":"","background-media":"","overlay-type":"","overlay-color":"","overlay-opacity":"","overlay-gradient":""},"tablet":{"background-color":"var(--ast-global-color-5)","background-image":"","background-repeat":"repeat","background-position":"center center","background-size":"auto","background-attachment":"scroll","background-type":"","background-media":"","overlay-type":"","overlay-color":"","overlay-opacity":"","overlay-gradient":""},"mobile":{"background-color":"var(--ast-global-color-5)","background-image":"","background-repeat":"repeat","background-position":"center center","background-size":"auto","background-attachment":"scroll","background-type":"","background-media":"","overlay-type":"","overlay-color":"","overlay-opacity":"","overlay-gradient":""}},"ngg_post_thumbnail":0,"footnotes":""},"class_list":["post-18","page","type-page","status-publish","hentry"],"jetpack_sharing_enabled":true,"_links":{"self":[{"href":"https:\/\/brennesselkerwe.de\/index.php?rest_route=\/wp\/v2\/pages\/18","targetHints":{"allow":["GET"]}}],"collection":[{"href":"https:\/\/brennesselkerwe.de\/index.php?rest_route=\/wp\/v2\/pages"}],"about":[{"href":"https:\/\/brennesselkerwe.de\/index.php?rest_route=\/wp\/v2\/types\/page"}],"author":[{"embeddable":true,"href":"https:\/\/brennesselkerwe.de\/index.php?rest_route=\/wp\/v2\/users\/1"}],"replies":[{"embeddable":true,"href":"https:\/\/brennesselkerwe.de\/index.php?rest_route=%2Fwp%2Fv2%2Fcomments&post=18"}],"version-history":[{"count":20,"href":"https:\/\/brennesselkerwe.de\/index.php?rest_route=\/wp\/v2\/pages\/18\/revisions"}],"predecessor-version":[{"id":20180,"href":"https:\/\/brennesselkerwe.de\/index.php?rest_route=\/wp\/v2\/pages\/18\/revisions\/20180"}],"wp:attachment":[{"href":"https:\/\/brennesselkerwe.de\/index.php?rest_route=%2Fwp%2Fv2%2Fmedia&parent=18"}],"curies":[{"name":"wp","href":"https:\/\/api.w.org\/{rel}","templated":true}]}}